{"id":3448,"date":"2026-03-18T20:17:55","date_gmt":"2026-03-18T19:17:55","guid":{"rendered":"https:\/\/perf-moteur.eu\/termek\/service-denvoi-ecu-2\/"},"modified":"2026-04-06T02:17:49","modified_gmt":"2026-04-06T00:17:49","slug":"service-denvoi-ecu-2","status":"publish","type":"product","link":"https:\/\/perf-moteur.eu\/fr\/produit\/service-denvoi-ecu-2\/","title":{"rendered":"Service d\u2019envoi ECU"},"content":{"rendered":"<p>Optimisez les performances de votre v\u00e9hicule sans vous d\u00e9placer gr\u00e2ce \u00e0 notre service de reprogrammation Stage 1 par envoi de calculateur (ECU).<br \/>\nNous intervenons directement sur votre Ecu moteur afin d\u2019augmenter la puissance et le couple tout en respectant les tol\u00e9rances constructeur.<br \/>\nAvant tout achat et toute exp\u00e9dition de votre calculateur moteur (ECU), il est imp\u00e9ratif de nous contacter au pr\u00e9alable afin de v\u00e9rifier la compatibilit\u00e9 et la faisabilit\u00e9 de l\u2019intervention.<br \/>\nChaque calculateur \u00e9tant sp\u00e9cifique (marque, mod\u00e8le, motorisation, g\u00e9n\u00e9ration), une validation est n\u00e9cessaire pour garantir un r\u00e9sultat fiable et s\u00e9curis\u00e9.<br \/>\nMerci de nous transmettre :<br \/>\nMarque \/ Mod\u00e8le du v\u00e9hicule<br \/>\nMotorisation<br \/>\nAnn\u00e9e<br \/>\nR\u00e9f\u00e9rence du calculateur ou Photos du Calculateur (si disponible)<br \/>\n\u26a0\ufe0f Toute commande ou envoi effectu\u00e9 sans validation pr\u00e9alable pourra \u00eatre refus\u00e9 ou retourn\u00e9 aux frais du client.<\/p>\n<p>\u26a0\ufe0fConcernant l\u2019envoi du calculateur moteur (ECU) :<br \/>\nLe client est enti\u00e8rement responsable du d\u00e9montage, de l\u2019emballage et de l\u2019exp\u00e9dition de son mat\u00e9riel<br \/>\nIl est fortement recommand\u00e9 d\u2019utiliser un transport s\u00e9curis\u00e9 avec assurance<br \/>\nPerf-Moteur ne pourra \u00eatre tenu responsable en cas de perte, dommage ou dysfonctionnement survenu avant r\u00e9ception ou apr\u00e8s renvoi du calculateur<br \/>\nToute commande implique l\u2019acceptation pleine et enti\u00e8re de ces conditions.<\/p>\n","protected":false},"excerpt":{"rendered":"<p>Optimisez les performances de votre v\u00e9hicule sans vous d\u00e9placer gr\u00e2ce \u00e0 notre service de reprogrammation Stage 1 par envoi de calculateur (ECU). Nous intervenons directement sur votre Ecu moteur afin d\u2019augmenter la puissance et le couple tout en respectant les tol\u00e9rances constructeur. Avant tout achat et toute exp\u00e9dition de votre calculateur moteur (ECU), il est [&hellip;]<\/p>\n","protected":false},"featured_media":3447,"template":"","meta":{"ocean_post_layout":"","ocean_both_sidebars_style":"","ocean_both_sidebars_content_width":0,"ocean_both_sidebars_sidebars_width":0,"ocean_sidebar":"0","ocean_second_sidebar":"0","ocean_disable_margins":"enable","ocean_add_body_class":"","ocean_shortcode_before_top_bar":"","ocean_shortcode_after_top_bar":"","ocean_shortcode_before_header":"","ocean_shortcode_after_header":"","ocean_has_shortcode":"","ocean_shortcode_after_title":"","ocean_shortcode_before_footer_widgets":"","ocean_shortcode_after_footer_widgets":"","ocean_shortcode_before_footer_bottom":"","ocean_shortcode_after_footer_bottom":"","ocean_display_top_bar":"default","ocean_display_header":"default","ocean_header_style":"","ocean_center_header_left_menu":"0","ocean_custom_header_template":"0","ocean_custom_logo":0,"ocean_custom_retina_logo":0,"ocean_custom_logo_max_width":0,"ocean_custom_logo_tablet_max_width":0,"ocean_custom_logo_mobile_max_width":0,"ocean_custom_logo_max_height":0,"ocean_custom_logo_tablet_max_height":0,"ocean_custom_logo_mobile_max_height":0,"ocean_header_custom_menu":"0","ocean_menu_typo_font_family":"0","ocean_menu_typo_font_subset":"","ocean_menu_typo_font_size":0,"ocean_menu_typo_font_size_tablet":0,"ocean_menu_typo_font_size_mobile":0,"ocean_menu_typo_font_size_unit":"px","ocean_menu_typo_font_weight":"","ocean_menu_typo_font_weight_tablet":"","ocean_menu_typo_font_weight_mobile":"","ocean_menu_typo_transform":"","ocean_menu_typo_transform_tablet":"","ocean_menu_typo_transform_mobile":"","ocean_menu_typo_line_height":0,"ocean_menu_typo_line_height_tablet":0,"ocean_menu_typo_line_height_mobile":0,"ocean_menu_typo_line_height_unit":"","ocean_menu_typo_spacing":0,"ocean_menu_typo_spacing_tablet":0,"ocean_menu_typo_spacing_mobile":0,"ocean_menu_typo_spacing_unit":"","ocean_menu_link_color":"","ocean_menu_link_color_hover":"","ocean_menu_link_color_active":"","ocean_menu_link_background":"","ocean_menu_link_hover_background":"","ocean_menu_link_active_background":"","ocean_menu_social_links_bg":"","ocean_menu_social_hover_links_bg":"","ocean_menu_social_links_color":"","ocean_menu_social_hover_links_color":"","ocean_disable_title":"default","ocean_disable_heading":"default","ocean_post_title":"","ocean_post_subheading":"","ocean_post_title_style":"","ocean_post_title_background_color":"","ocean_post_title_background":0,"ocean_post_title_bg_image_position":"","ocean_post_title_bg_image_attachment":"","ocean_post_title_bg_image_repeat":"","ocean_post_title_bg_image_size":"","ocean_post_title_height":0,"ocean_post_title_bg_overlay":0.5,"ocean_post_title_bg_overlay_color":"","ocean_disable_breadcrumbs":"default","ocean_breadcrumbs_color":"","ocean_breadcrumbs_separator_color":"","ocean_breadcrumbs_links_color":"","ocean_breadcrumbs_links_hover_color":"","ocean_display_footer_widgets":"default","ocean_display_footer_bottom":"default","ocean_custom_footer_template":"0","_joinchat":[]},"product_brand":[],"product_cat":[76],"product_tag":[],"class_list":{"0":"post-3448","1":"product","2":"type-product","3":"status-publish","4":"has-post-thumbnail","6":"product_cat-non-classifie","8":"entry","9":"has-media","11":"first","12":"instock","13":"taxable","14":"shipping-taxable","15":"purchasable","16":"product-type-simple","17":"has-product-nav","18":"col","19":"span_1_of_4","20":"owp-content-center","21":"item-entry","22":"owp-thumbs-layout-horizontal","23":"owp-btn-normal","24":"owp-tabs-layout-horizontal","25":"has-no-thumbnails"},"_links":{"self":[{"href":"https:\/\/perf-moteur.eu\/fr\/wp-json\/wp\/v2\/product\/3448","targetHints":{"allow":["GET"]}}],"collection":[{"href":"https:\/\/perf-moteur.eu\/fr\/wp-json\/wp\/v2\/product"}],"about":[{"href":"https:\/\/perf-moteur.eu\/fr\/wp-json\/wp\/v2\/types\/product"}],"version-history":[{"count":1,"href":"https:\/\/perf-moteur.eu\/fr\/wp-json\/wp\/v2\/product\/3448\/revisions"}],"predecessor-version":[{"id":3449,"href":"https:\/\/perf-moteur.eu\/fr\/wp-json\/wp\/v2\/product\/3448\/revisions\/3449"}],"wp:featuredmedia":[{"embeddable":true,"href":"https:\/\/perf-moteur.eu\/fr\/wp-json\/wp\/v2\/media\/3447"}],"wp:attachment":[{"href":"https:\/\/perf-moteur.eu\/fr\/wp-json\/wp\/v2\/media?parent=3448"}],"wp:term":[{"taxonomy":"product_brand","embeddable":true,"href":"https:\/\/perf-moteur.eu\/fr\/wp-json\/wp\/v2\/product_brand?post=3448"},{"taxonomy":"product_cat","embeddable":true,"href":"https:\/\/perf-moteur.eu\/fr\/wp-json\/wp\/v2\/product_cat?post=3448"},{"taxonomy":"product_tag","embeddable":true,"href":"https:\/\/perf-moteur.eu\/fr\/wp-json\/wp\/v2\/product_tag?post=3448"}],"curies":[{"name":"wp","href":"https:\/\/api.w.org\/{rel}","templated":true}]}}