{"id":2104,"date":"2024-01-02T10:13:36","date_gmt":"2024-01-02T09:13:36","guid":{"rendered":"https:\/\/perf-moteur.eu\/termek\/intake-swirl-flaps\/"},"modified":"2024-05-05T15:51:19","modified_gmt":"2024-05-05T13:51:19","slug":"intake-swirl-flaps","status":"publish","type":"product","link":"https:\/\/perf-moteur.eu\/fr\/produit\/intake-swirl-flaps\/","title":{"rendered":"TVA (volets de papillon)"},"content":{"rendered":"<h3><strong>Les actionneurs de papillon r\u00e9gulent l&rsquo;alimentation en air ou en m\u00e9lange du moteur \u00e0 combustion. Selon le concept du moteur, cela sert diff\u00e9rents objectifs. Dans le cas des moteurs \u00e0 essence, la vitesse et la puissance sont r\u00e9gul\u00e9es au moyen d&rsquo;un dosage d&rsquo;air frais ou d&rsquo;un m\u00e9lange. Les moteurs diesel n&rsquo;ont g\u00e9n\u00e9ralement pas besoin d&rsquo;un papillon des gaz. Cependant, dans les voitures diesel modernes, le fait de r\u00e9guler la quantit\u00e9 d&rsquo;air admis facilite le contr\u00f4le de la pr\u00e9cision de la recirculation des gaz d&rsquo;\u00e9chappement et emp\u00eache le moteur de trembler lorsque le contact est mis.<\/strong><\/h3>\n","protected":false},"excerpt":{"rendered":"<p>Les actionneurs de papillon r\u00e9gulent l&rsquo;alimentation en air ou en m\u00e9lange du moteur \u00e0 combustion. Selon le concept du moteur, cela sert diff\u00e9rents objectifs. Dans le cas des moteurs \u00e0 essence, la vitesse et la puissance sont r\u00e9gul\u00e9es au moyen d&rsquo;un dosage d&rsquo;air frais ou d&rsquo;un m\u00e9lange. Les moteurs diesel n&rsquo;ont g\u00e9n\u00e9ralement pas besoin d&rsquo;un [&hellip;]<\/p>\n","protected":false},"featured_media":2479,"template":"","meta":{"ocean_post_layout":"","ocean_both_sidebars_style":"","ocean_both_sidebars_content_width":0,"ocean_both_sidebars_sidebars_width":0,"ocean_sidebar":"","ocean_second_sidebar":"","ocean_disable_margins":"enable","ocean_add_body_class":"","ocean_shortcode_before_top_bar":"","ocean_shortcode_after_top_bar":"","ocean_shortcode_before_header":"","ocean_shortcode_after_header":"","ocean_has_shortcode":"","ocean_shortcode_after_title":"","ocean_shortcode_before_footer_widgets":"","ocean_shortcode_after_footer_widgets":"","ocean_shortcode_before_footer_bottom":"","ocean_shortcode_after_footer_bottom":"","ocean_display_top_bar":"default","ocean_display_header":"default","ocean_header_style":"","ocean_center_header_left_menu":"","ocean_custom_header_template":"","ocean_custom_logo":0,"ocean_custom_retina_logo":0,"ocean_custom_logo_max_width":0,"ocean_custom_logo_tablet_max_width":0,"ocean_custom_logo_mobile_max_width":0,"ocean_custom_logo_max_height":0,"ocean_custom_logo_tablet_max_height":0,"ocean_custom_logo_mobile_max_height":0,"ocean_header_custom_menu":"","ocean_menu_typo_font_family":"","ocean_menu_typo_font_subset":"","ocean_menu_typo_font_size":0,"ocean_menu_typo_font_size_tablet":0,"ocean_menu_typo_font_size_mobile":0,"ocean_menu_typo_font_size_unit":"px","ocean_menu_typo_font_weight":"","ocean_menu_typo_font_weight_tablet":"","ocean_menu_typo_font_weight_mobile":"","ocean_menu_typo_transform":"","ocean_menu_typo_transform_tablet":"","ocean_menu_typo_transform_mobile":"","ocean_menu_typo_line_height":0,"ocean_menu_typo_line_height_tablet":0,"ocean_menu_typo_line_height_mobile":0,"ocean_menu_typo_line_height_unit":"","ocean_menu_typo_spacing":0,"ocean_menu_typo_spacing_tablet":0,"ocean_menu_typo_spacing_mobile":0,"ocean_menu_typo_spacing_unit":"","ocean_menu_link_color":"","ocean_menu_link_color_hover":"","ocean_menu_link_color_active":"","ocean_menu_link_background":"","ocean_menu_link_hover_background":"","ocean_menu_link_active_background":"","ocean_menu_social_links_bg":"","ocean_menu_social_hover_links_bg":"","ocean_menu_social_links_color":"","ocean_menu_social_hover_links_color":"","ocean_disable_title":"default","ocean_disable_heading":"default","ocean_post_title":"","ocean_post_subheading":"","ocean_post_title_style":"","ocean_post_title_background_color":"","ocean_post_title_background":0,"ocean_post_title_bg_image_position":"","ocean_post_title_bg_image_attachment":"","ocean_post_title_bg_image_repeat":"","ocean_post_title_bg_image_size":"","ocean_post_title_height":0,"ocean_post_title_bg_overlay":0.5,"ocean_post_title_bg_overlay_color":"","ocean_disable_breadcrumbs":"default","ocean_breadcrumbs_color":"","ocean_breadcrumbs_separator_color":"","ocean_breadcrumbs_links_color":"","ocean_breadcrumbs_links_hover_color":"","ocean_display_footer_widgets":"default","ocean_display_footer_bottom":"default","ocean_custom_footer_template":"","_joinchat":[]},"product_brand":[],"product_cat":[78],"product_tag":[],"class_list":{"0":"post-2104","1":"product","2":"type-product","3":"status-publish","4":"has-post-thumbnail","6":"product_cat-possibilites","8":"entry","9":"has-media","11":"first","12":"instock","13":"taxable","14":"shipping-taxable","15":"purchasable","16":"product-type-simple","17":"has-product-nav","18":"col","19":"span_1_of_4","20":"owp-content-center","21":"item-entry","22":"owp-thumbs-layout-horizontal","23":"owp-btn-normal","24":"owp-tabs-layout-horizontal","25":"has-no-thumbnails"},"_links":{"self":[{"href":"https:\/\/perf-moteur.eu\/fr\/wp-json\/wp\/v2\/product\/2104","targetHints":{"allow":["GET"]}}],"collection":[{"href":"https:\/\/perf-moteur.eu\/fr\/wp-json\/wp\/v2\/product"}],"about":[{"href":"https:\/\/perf-moteur.eu\/fr\/wp-json\/wp\/v2\/types\/product"}],"version-history":[{"count":3,"href":"https:\/\/perf-moteur.eu\/fr\/wp-json\/wp\/v2\/product\/2104\/revisions"}],"predecessor-version":[{"id":2239,"href":"https:\/\/perf-moteur.eu\/fr\/wp-json\/wp\/v2\/product\/2104\/revisions\/2239"}],"wp:featuredmedia":[{"embeddable":true,"href":"https:\/\/perf-moteur.eu\/fr\/wp-json\/wp\/v2\/media\/2479"}],"wp:attachment":[{"href":"https:\/\/perf-moteur.eu\/fr\/wp-json\/wp\/v2\/media?parent=2104"}],"wp:term":[{"taxonomy":"product_brand","embeddable":true,"href":"https:\/\/perf-moteur.eu\/fr\/wp-json\/wp\/v2\/product_brand?post=2104"},{"taxonomy":"product_cat","embeddable":true,"href":"https:\/\/perf-moteur.eu\/fr\/wp-json\/wp\/v2\/product_cat?post=2104"},{"taxonomy":"product_tag","embeddable":true,"href":"https:\/\/perf-moteur.eu\/fr\/wp-json\/wp\/v2\/product_tag?post=2104"}],"curies":[{"name":"wp","href":"https:\/\/api.w.org\/{rel}","templated":true}]}}