{"id":1604,"date":"2023-12-10T10:16:28","date_gmt":"2023-12-10T09:16:28","guid":{"rendered":"https:\/\/perf-moteur.eu\/?page_id=1604"},"modified":"2023-12-14T11:39:30","modified_gmt":"2023-12-14T10:39:30","slug":"gestion-des-donnees","status":"publish","type":"page","link":"https:\/\/perf-moteur.eu\/fr\/gestion-des-donnees\/","title":{"rendered":"Gestion des donn\u00e9es"},"content":{"rendered":"<\/p>\n<h2> <\/h2>\n<h2>Politique de confidentialit\u00e9<\/h2>\n<h2>Qui sommes-nous ?<\/h2>\n<\/p>\n<p>L&rsquo;adresse de notre site web est https:\/\/perf-moteur.eu<\/p>\n<\/p>\n<h2>Commentaires<\/h2>\n<\/p>\n<p>Lors de la soumission d&rsquo;un commentaire, outre les informations fournies dans le formulaire de commentaire, l&rsquo;adresse IP et la cha\u00eene d&rsquo;identification du navigateur du commentateur sont collect\u00e9es afin de filtrer le contenu non sollicit\u00e9.<\/p>\n<\/p>\n<h2>Cookies<\/h2>\n<\/p>\n<p>Lorsque vous publiez un commentaire sur le site web, le nom, l&rsquo;adresse \u00e9lectronique et l&rsquo;adresse du site web que vous fournissez sont stock\u00e9s dans des cookies. Le stockage n&rsquo;a qu&rsquo;un but pratique, vous n&rsquo;avez donc pas besoin de remplir ces champs la prochaine fois que vous publiez un message. La date d&rsquo;expiration des cookies est d&rsquo;un an.<\/p>\n<\/p>\n<p>Lorsque vous visitez la page de connexion, nous installons des cookies temporaires pour d\u00e9terminer si votre navigateur accepte les cookies. Ces cookies ne contiennent aucune information personnelle et sont supprim\u00e9s d\u00e8s que vous fermez votre navigateur.<\/p>\n<\/p>\n<p>Lorsque vous vous connectez au site web, nous cr\u00e9ons un certain nombre de cookies qui stockent vos informations de connexion et les options d&rsquo;affichage de l&rsquo;interface de l&rsquo;\u00e9diteur. Les cookies de connexion sont valables deux jours, et les cookies stockant les options d&rsquo;affichage de l&rsquo;interface de l&rsquo;\u00e9diteur sont valables un an. Si l&rsquo;option \u00ab\u00a0Se souvenir de moi\u00a0\u00bb est coch\u00e9e, la connexion sera maintenue pendant deux semaines. Lorsque vous vous d\u00e9connectez, les cookies de connexion sont supprim\u00e9s.<\/p>\n<\/p>\n<p>Lorsque nous modifions un article ou une page, notre navigateur enregistre un autre cookie. Ce cookie ne contient aucune donn\u00e9e personnelle, il stocke simplement le num\u00e9ro d&rsquo;identification du message que nous avons \u00e9dit\u00e9. Il expire dans un jour.<\/p>\n<\/p>\n<h2>Contenu int\u00e9gr\u00e9 d&rsquo;autres sites web<\/h2>\n<\/p>\n<p>Les contributions au site web peuvent utiliser du contenu int\u00e9gr\u00e9 (par exemple, des vid\u00e9os, des images, des articles, etc.) provenant de sources externes. Le contenu int\u00e9gr\u00e9 provenant de sources externes se comporte exactement comme si vous aviez visit\u00e9 un autre site web.<\/p>\n<\/p>\n<p>Ces sites peuvent collecter des donn\u00e9es sur les visiteurs, utiliser des cookies ou des codes de suivi de tiers, surveiller le comportement de l&rsquo;utilisateur par rapport au contenu int\u00e9gr\u00e9 si nous avons un compte et sommes connect\u00e9s au site.<\/p>\n<\/p>\n<h2>Avec qui nous partageons les donn\u00e9es des utilisateurs<\/h2>\n<\/p>\n<p>Si vous demandez une r\u00e9initialisation du mot de passe, l&rsquo;adresse IP sera incluse dans l&rsquo;e-mail de r\u00e9initialisation.<\/p>\n<\/p>\n<h2>Dur\u00e9e de conservation des donn\u00e9es personnelles<\/h2>\n<\/p>\n<p>Lorsque vous publiez un commentaire, celui-ci et ses m\u00e9tadonn\u00e9es restent dans le syst\u00e8me pour une dur\u00e9e ind\u00e9termin\u00e9e. Cela permet de s&rsquo;assurer que tous les messages ult\u00e9rieurs sont reconnus et approuv\u00e9s par nous, c&rsquo;est-\u00e0-dire qu&rsquo;ils ne sont pas ajout\u00e9s \u00e0 la liste des messages \u00e0 mod\u00e9rer.<\/p>\n<\/p>\n<p>Les donn\u00e9es personnelles des utilisateurs enregistr\u00e9s sur le site web sont \u00e9galement stock\u00e9es dans leur profil d&rsquo;utilisateur. Tous les utilisateurs peuvent consulter, modifier ou supprimer leurs donn\u00e9es personnelles \u00e0 tout moment (sauf qu&rsquo;ils ne peuvent pas changer leur nom d&rsquo;utilisateur). Les administrateurs de sites web peuvent \u00e9galement consulter et modifier ces informations.<\/p>\n<\/p>\n<h2>Quels sont les droits des utilisateurs en ce qui concerne leurs propres donn\u00e9es ?<\/h2>\n<\/p>\n<p>Lors de l&rsquo;enregistrement d&rsquo;un compte ou de la publication d&rsquo;un commentaire sur le site web, il peut vous \u00eatre demand\u00e9 de nous envoyer vos donn\u00e9es personnelles dans un fichier d&rsquo;exportation contenant toutes les donn\u00e9es que vous nous avez pr\u00e9c\u00e9demment fournies. Vous pouvez \u00e9galement demander que toutes les donn\u00e9es personnelles fournies pr\u00e9c\u00e9demment soient supprim\u00e9es. Cela ne s&rsquo;applique pas aux donn\u00e9es que nous sommes tenus de conserver pour des raisons administratives, juridiques ou de s\u00e9curit\u00e9.<\/p><\/p>\n","protected":false},"excerpt":{"rendered":"<p>Politique de confidentialit\u00e9 Qui sommes-nous ? L&rsquo;adresse de notre site web est https:\/\/perf-moteur.eu Commentaires Lors de la soumission d&rsquo;un commentaire, outre les informations fournies dans le formulaire de commentaire, l&rsquo;adresse IP et la cha\u00eene d&rsquo;identification du navigateur du commentateur sont collect\u00e9es afin de filtrer le contenu non sollicit\u00e9. Cookies Lorsque vous publiez un commentaire sur [&hellip;]<\/p>\n","protected":false},"author":1,"featured_media":0,"parent":0,"menu_order":0,"comment_status":"closed","ping_status":"closed","template":"elementor_header_footer","meta":{"ocean_post_layout":"","ocean_both_sidebars_style":"","ocean_both_sidebars_content_width":0,"ocean_both_sidebars_sidebars_width":0,"ocean_sidebar":"0","ocean_second_sidebar":"0","ocean_disable_margins":"enable","ocean_add_body_class":"","ocean_shortcode_before_top_bar":"","ocean_shortcode_after_top_bar":"","ocean_shortcode_before_header":"","ocean_shortcode_after_header":"","ocean_has_shortcode":"","ocean_shortcode_after_title":"","ocean_shortcode_before_footer_widgets":"","ocean_shortcode_after_footer_widgets":"","ocean_shortcode_before_footer_bottom":"","ocean_shortcode_after_footer_bottom":"","ocean_display_top_bar":"default","ocean_display_header":"default","ocean_header_style":"","ocean_center_header_left_menu":"0","ocean_custom_header_template":"0","ocean_custom_logo":0,"ocean_custom_retina_logo":0,"ocean_custom_logo_max_width":0,"ocean_custom_logo_tablet_max_width":0,"ocean_custom_logo_mobile_max_width":0,"ocean_custom_logo_max_height":0,"ocean_custom_logo_tablet_max_height":0,"ocean_custom_logo_mobile_max_height":0,"ocean_header_custom_menu":"0","ocean_menu_typo_font_family":"0","ocean_menu_typo_font_subset":"","ocean_menu_typo_font_size":0,"ocean_menu_typo_font_size_tablet":0,"ocean_menu_typo_font_size_mobile":0,"ocean_menu_typo_font_size_unit":"px","ocean_menu_typo_font_weight":"","ocean_menu_typo_font_weight_tablet":"","ocean_menu_typo_font_weight_mobile":"","ocean_menu_typo_transform":"","ocean_menu_typo_transform_tablet":"","ocean_menu_typo_transform_mobile":"","ocean_menu_typo_line_height":0,"ocean_menu_typo_line_height_tablet":0,"ocean_menu_typo_line_height_mobile":0,"ocean_menu_typo_line_height_unit":"","ocean_menu_typo_spacing":0,"ocean_menu_typo_spacing_tablet":0,"ocean_menu_typo_spacing_mobile":0,"ocean_menu_typo_spacing_unit":"","ocean_menu_link_color":"","ocean_menu_link_color_hover":"","ocean_menu_link_color_active":"","ocean_menu_link_background":"","ocean_menu_link_hover_background":"","ocean_menu_link_active_background":"","ocean_menu_social_links_bg":"","ocean_menu_social_hover_links_bg":"","ocean_menu_social_links_color":"","ocean_menu_social_hover_links_color":"","ocean_disable_title":"default","ocean_disable_heading":"default","ocean_post_title":"","ocean_post_subheading":"","ocean_post_title_style":"","ocean_post_title_background_color":"","ocean_post_title_background":0,"ocean_post_title_bg_image_position":"","ocean_post_title_bg_image_attachment":"","ocean_post_title_bg_image_repeat":"","ocean_post_title_bg_image_size":"","ocean_post_title_height":0,"ocean_post_title_bg_overlay":0.5,"ocean_post_title_bg_overlay_color":"","ocean_disable_breadcrumbs":"default","ocean_breadcrumbs_color":"","ocean_breadcrumbs_separator_color":"","ocean_breadcrumbs_links_color":"","ocean_breadcrumbs_links_hover_color":"","ocean_display_footer_widgets":"default","ocean_display_footer_bottom":"default","ocean_custom_footer_template":"0","_joinchat":[],"footnotes":""},"class_list":["post-1604","page","type-page","status-publish","hentry","entry","owp-thumbs-layout-horizontal","owp-btn-normal","owp-tabs-layout-horizontal","has-no-thumbnails","has-product-nav"],"_links":{"self":[{"href":"https:\/\/perf-moteur.eu\/fr\/wp-json\/wp\/v2\/pages\/1604","targetHints":{"allow":["GET"]}}],"collection":[{"href":"https:\/\/perf-moteur.eu\/fr\/wp-json\/wp\/v2\/pages"}],"about":[{"href":"https:\/\/perf-moteur.eu\/fr\/wp-json\/wp\/v2\/types\/page"}],"author":[{"embeddable":true,"href":"https:\/\/perf-moteur.eu\/fr\/wp-json\/wp\/v2\/users\/1"}],"replies":[{"embeddable":true,"href":"https:\/\/perf-moteur.eu\/fr\/wp-json\/wp\/v2\/comments?post=1604"}],"version-history":[{"count":3,"href":"https:\/\/perf-moteur.eu\/fr\/wp-json\/wp\/v2\/pages\/1604\/revisions"}],"predecessor-version":[{"id":1769,"href":"https:\/\/perf-moteur.eu\/fr\/wp-json\/wp\/v2\/pages\/1604\/revisions\/1769"}],"wp:attachment":[{"href":"https:\/\/perf-moteur.eu\/fr\/wp-json\/wp\/v2\/media?parent=1604"}],"curies":[{"name":"wp","href":"https:\/\/api.w.org\/{rel}","templated":true}]}}