{"id":1382,"date":"2023-01-31T19:30:25","date_gmt":"2023-01-31T18:30:25","guid":{"rendered":"https:\/\/perf-moteur.eu\/gestion-des-donnees\/"},"modified":"2023-12-28T18:47:02","modified_gmt":"2023-12-28T17:47:02","slug":"asf","status":"publish","type":"page","link":"https:\/\/perf-moteur.eu\/fr\/asf\/","title":{"rendered":"Conditions contractuelles g\u00e9n\u00e9rales"},"content":{"rendered":"<h1>Conditions g\u00e9n\u00e9rales d&rsquo;utilisation<\/h1>\n<p>Nous n&rsquo;effectuons pas de remboursement apr\u00e8s l&rsquo;achat d&rsquo;un produit, ce que vous reconnaissez avant d&rsquo;acheter un produit Performance Moteur.<\/p>\n<p>Veuillez lire attentivement la description du produit avant de l&rsquo;acheter.<\/p>\n<p>&#8211; Vous payez pour le travail que vous faites, pas pour ce que vous en faites.<\/p>\n<p>&#8211; Nous d\u00e9clinons toute responsabilit\u00e9 pour les d\u00e9fauts survenant lors de l&rsquo;utilisation de l&rsquo;appareil et pour les d\u00e9fauts du moteur survenant pendant et apr\u00e8s la modification.<\/p>\n<p>&#8211; Vous \u00eates responsable de l&rsquo;\u00e9tat et de l&rsquo;entretien de votre v\u00e9hicule.<\/p>\n<p>-ATTENTION : La suppression des syst\u00e8mes antipollution (EGR, ADBlue, FAP, Catalyst) est strictement interdite sur la voie publique europ\u00e9enne, r\u00e9serv\u00e9e uniquement aux voitures de course.<\/p>\n<p>&#8211; Pour plus d&rsquo;informations, veuillez nous contacter \u00e0 l&rsquo;adresse suivante : info@perf-moteur.eu.<\/p>\n","protected":false},"excerpt":{"rendered":"<p>Conditions g\u00e9n\u00e9rales d&rsquo;utilisation Nous n&rsquo;effectuons pas de remboursement apr\u00e8s l&rsquo;achat d&rsquo;un produit, ce que vous reconnaissez avant d&rsquo;acheter un produit Performance Moteur. Veuillez lire attentivement la description du produit avant de l&rsquo;acheter. &#8211; Vous payez pour le travail que vous faites, pas pour ce que vous en faites. &#8211; Nous d\u00e9clinons toute responsabilit\u00e9 pour les [&hellip;]<\/p>\n","protected":false},"author":1,"featured_media":0,"parent":0,"menu_order":0,"comment_status":"closed","ping_status":"closed","template":"elementor_header_footer","meta":{"ocean_post_layout":"","ocean_both_sidebars_style":"","ocean_both_sidebars_content_width":0,"ocean_both_sidebars_sidebars_width":0,"ocean_sidebar":"0","ocean_second_sidebar":"0","ocean_disable_margins":"enable","ocean_add_body_class":"","ocean_shortcode_before_top_bar":"","ocean_shortcode_after_top_bar":"","ocean_shortcode_before_header":"","ocean_shortcode_after_header":"","ocean_has_shortcode":"","ocean_shortcode_after_title":"","ocean_shortcode_before_footer_widgets":"","ocean_shortcode_after_footer_widgets":"","ocean_shortcode_before_footer_bottom":"","ocean_shortcode_after_footer_bottom":"","ocean_display_top_bar":"default","ocean_display_header":"default","ocean_header_style":"","ocean_center_header_left_menu":"0","ocean_custom_header_template":"0","ocean_custom_logo":0,"ocean_custom_retina_logo":0,"ocean_custom_logo_max_width":0,"ocean_custom_logo_tablet_max_width":0,"ocean_custom_logo_mobile_max_width":0,"ocean_custom_logo_max_height":0,"ocean_custom_logo_tablet_max_height":0,"ocean_custom_logo_mobile_max_height":0,"ocean_header_custom_menu":"0","ocean_menu_typo_font_family":"0","ocean_menu_typo_font_subset":"","ocean_menu_typo_font_size":0,"ocean_menu_typo_font_size_tablet":0,"ocean_menu_typo_font_size_mobile":0,"ocean_menu_typo_font_size_unit":"px","ocean_menu_typo_font_weight":"","ocean_menu_typo_font_weight_tablet":"","ocean_menu_typo_font_weight_mobile":"","ocean_menu_typo_transform":"","ocean_menu_typo_transform_tablet":"","ocean_menu_typo_transform_mobile":"","ocean_menu_typo_line_height":0,"ocean_menu_typo_line_height_tablet":0,"ocean_menu_typo_line_height_mobile":0,"ocean_menu_typo_line_height_unit":"","ocean_menu_typo_spacing":0,"ocean_menu_typo_spacing_tablet":0,"ocean_menu_typo_spacing_mobile":0,"ocean_menu_typo_spacing_unit":"","ocean_menu_link_color":"","ocean_menu_link_color_hover":"","ocean_menu_link_color_active":"","ocean_menu_link_background":"","ocean_menu_link_hover_background":"","ocean_menu_link_active_background":"","ocean_menu_social_links_bg":"","ocean_menu_social_hover_links_bg":"","ocean_menu_social_links_color":"","ocean_menu_social_hover_links_color":"","ocean_disable_title":"default","ocean_disable_heading":"default","ocean_post_title":"","ocean_post_subheading":"","ocean_post_title_style":"","ocean_post_title_background_color":"","ocean_post_title_background":0,"ocean_post_title_bg_image_position":"","ocean_post_title_bg_image_attachment":"","ocean_post_title_bg_image_repeat":"","ocean_post_title_bg_image_size":"","ocean_post_title_height":0,"ocean_post_title_bg_overlay":0.5,"ocean_post_title_bg_overlay_color":"","ocean_disable_breadcrumbs":"default","ocean_breadcrumbs_color":"","ocean_breadcrumbs_separator_color":"","ocean_breadcrumbs_links_color":"","ocean_breadcrumbs_links_hover_color":"","ocean_display_footer_widgets":"default","ocean_display_footer_bottom":"default","ocean_custom_footer_template":"0","_joinchat":[],"footnotes":""},"class_list":["post-1382","page","type-page","status-publish","hentry","entry","owp-thumbs-layout-horizontal","owp-btn-normal","owp-tabs-layout-horizontal","has-no-thumbnails","has-product-nav"],"_links":{"self":[{"href":"https:\/\/perf-moteur.eu\/fr\/wp-json\/wp\/v2\/pages\/1382","targetHints":{"allow":["GET"]}}],"collection":[{"href":"https:\/\/perf-moteur.eu\/fr\/wp-json\/wp\/v2\/pages"}],"about":[{"href":"https:\/\/perf-moteur.eu\/fr\/wp-json\/wp\/v2\/types\/page"}],"author":[{"embeddable":true,"href":"https:\/\/perf-moteur.eu\/fr\/wp-json\/wp\/v2\/users\/1"}],"replies":[{"embeddable":true,"href":"https:\/\/perf-moteur.eu\/fr\/wp-json\/wp\/v2\/comments?post=1382"}],"version-history":[{"count":11,"href":"https:\/\/perf-moteur.eu\/fr\/wp-json\/wp\/v2\/pages\/1382\/revisions"}],"predecessor-version":[{"id":2069,"href":"https:\/\/perf-moteur.eu\/fr\/wp-json\/wp\/v2\/pages\/1382\/revisions\/2069"}],"wp:attachment":[{"href":"https:\/\/perf-moteur.eu\/fr\/wp-json\/wp\/v2\/media?parent=1382"}],"curies":[{"name":"wp","href":"https:\/\/api.w.org\/{rel}","templated":true}]}}